{"id":2521,"date":"2021-08-07T11:55:06","date_gmt":"2021-08-07T09:55:06","guid":{"rendered":"https:\/\/claripad.de\/?page_id=2521"},"modified":"2021-08-20T16:00:13","modified_gmt":"2021-08-20T14:00:13","slug":"widerrufsbelehrung","status":"publish","type":"page","link":"https:\/\/claripad.de\/en\/widerrufsbelehrung\/","title":{"rendered":"Right of withdrawal"},"content":{"rendered":"<div class=\"wpb-content-wrapper\"><div class=\"vc_row wpb_row vc_row-fluid\">\n        <div class=\"wpb_column vc_column_container vc_col-sm-12\"><div class=\"vc_column-inner\"><div class=\"wpb_wrapper\"><h3 style=\"text-align: left\" class=\"vc_custom_heading vc_do_custom_heading\" >Right of Withdrawal<\/h3>\n\t<div class=\"wpb_text_column wpb_content_element\" >\n\t\t<div class=\"wpb_wrapper\">\n\t\t\t<div class=\"elementor-element elementor-element-76c96ea elementor-widget elementor-widget-text-editor\" data-id=\"76c96ea\" data-element_type=\"widget\" data-widget_type=\"text-editor.default\">\n<div class=\"elementor-widget-container\">(A consumer is any natural person who concludes a legal transaction for purposes that are predominantly neither commercial nor their independent professional activity.)<\/div>\n<\/div>\n\n\t\t<\/div>\n\t<\/div>\n<div class=\"vc_empty_space\"   style=\"height: 32px\"><span class=\"vc_empty_space_inner\"><\/span><\/div><\/div><\/div><\/div><\/div>\n\n<div class=\"vc_row wpb_row vc_row-fluid\">\n        <div class=\"wpb_column vc_column_container vc_col-sm-12\"><div class=\"vc_column-inner\"><div class=\"wpb_wrapper\"><h2 style=\"text-align: left\" class=\"vc_custom_heading vc_do_custom_heading\" >Right of withdrawal<\/h2><div class=\"vc_empty_space\"   style=\"height: 32px\"><span class=\"vc_empty_space_inner\"><\/span><\/div><\/div><\/div><\/div><\/div>\n\n<div class=\"vc_row wpb_row vc_row-fluid\">\n        <div class=\"wpb_column vc_column_container vc_col-sm-12\"><div class=\"vc_column-inner\"><div class=\"wpb_wrapper\"><h3 style=\"text-align: left\" class=\"vc_custom_heading vc_do_custom_heading\" >Right of withdrawal<\/h3>\n\t<div class=\"wpb_text_column wpb_content_element\" >\n\t\t<div class=\"wpb_wrapper\">\n\t\t\t<p>You have the right to cancel this contract within fourteen days without giving any reason.<\/p>\n<p>The withdrawal period is fourteen days from the day,<\/p>\n<p>\u2013 on which you or a third party named by you, who is not the carrier, has or has taken possession of the goods, provided that you have ordered one or more goods as part of a uniform order and these are or will be delivered uniformly, or<\/p>\n<p>\u2013 on which you or a third party named by you, who is not the carrier, has or has taken possession of the last goods, provided that you have ordered several goods as part of a single order and these are delivered separately, or<\/p>\n<p>\u2013 an dem Sie oder ein von Ihnen benannter Dritter, der nicht der Bef\u00f6rderer ist, die letzte Teilsendung oder das letzte St\u00fcck in Besitz genommen haben bzw. hat, sofern Sie eine Ware bestellt haben, die in mehreren Teilsendungen oder St\u00fccken geliefert wird, oder<\/p>\n<p>\u2013 on which you or a third party named by you, who is not the carrier, has or has taken possession of the first goods, provided that you have concluded a contract for the regular delivery of goods over a specified period of time.<\/p>\n<p>In order to exercise your right of withdrawal, you must send a clear declaration (e.g. a with letter sent by post, e-mail or fax) of your decision to withdraw from this contract. You can use the attached model withdrawal form for this purpose, but this is not mandatory.<\/p>\n<p>To meet the cancellation deadline, it is sufficient for you to send your notification of exercising your right of cancellation before the cancellation period has expired.<\/p>\n\n\t\t<\/div>\n\t<\/div>\n<div class=\"vc_empty_space\"   style=\"height: 32px\"><span class=\"vc_empty_space_inner\"><\/span><\/div><\/div><\/div><\/div><\/div>\n\n<div class=\"vc_row wpb_row vc_row-fluid\">\n        <div class=\"wpb_column vc_column_container vc_col-sm-12\"><div class=\"vc_column-inner\"><div class=\"wpb_wrapper\"><h3 style=\"text-align: left\" class=\"vc_custom_heading vc_do_custom_heading\" >Consequences of the withdrawal<\/h3>\n\t<div class=\"wpb_text_column wpb_content_element\" >\n\t\t<div class=\"wpb_wrapper\">\n\t\t\t<div class=\"elementor-element elementor-element-76c96ea elementor-widget elementor-widget-text-editor\" data-id=\"76c96ea\" data-element_type=\"widget\" data-widget_type=\"text-editor.default\">\n<div class=\"elementor-widget-container\">\n<p>If you withdraw from this contract, we will have given you all payments that we have received from you, including delivery costs (with the exception of the additional costs that result from choosing a different type of delivery than the cheapest standard delivery offered by us have), to be repaid immediately and at the latest within fourteen days from the day on which we received notification of your cancellation of this contract. For this repayment, we will use the same means of payment that you used for the original transaction, unless something else was expressly agreed with you; In no case will you be charged any fees for this repayment.<\/p>\n<p>We can refuse the repayment until we have received the goods back or until you have provided evidence that you have sent the goods back, whichever is earlier.<\/p>\n<p>You must return or hand over the goods to us immediately and in any case no later than fourteen days from the date on which you informed us of the cancellation of this contract. The deadline is met if you send the goods before the period of fourteen days has expired.<\/p>\n<p>You bear the direct costs of returning the goods.<\/p>\n<p>You only have to pay for any loss in value of the goods if this loss in value is due to handling of the goods that is not necessary to check the nature, properties and functionality of the goods.<\/p>\n<\/div>\n<\/div>\n\n\t\t<\/div>\n\t<\/div>\n<div class=\"vc_empty_space\"   style=\"height: 32px\"><span class=\"vc_empty_space_inner\"><\/span><\/div><\/div><\/div><\/div><\/div>\n\n<div class=\"vc_row wpb_row vc_row-fluid\">\n        <div class=\"wpb_column vc_column_container vc_col-sm-12\"><div class=\"vc_column-inner\"><div class=\"wpb_wrapper\"><h3 style=\"text-align: left\" class=\"vc_custom_heading vc_do_custom_heading\" >Model withdrawal form<\/h3>\n\t<div class=\"wpb_text_column wpb_content_element\" >\n\t\t<div class=\"wpb_wrapper\">\n\t\t\t<p>(If you want to cancel the contract, please fill out this form and send it back.)<\/p>\n<p>\u2013 To<\/p>\n<p>Claripad, Am Dorfplatz 4, 89356 Hafenhofen, Germany, telephone number: 08222 411553, email address: info@claripad.de, fax number: 08222 411551<\/p>\n<p>\u2013 I \/ we (*) hereby revoke the contract concluded by me \/ us (*) for the purchase of the following goods (*) \/ the provision of the following service (*)<\/p>\n<p>\u2013 Ordered on (*) \/ received on (*)<\/p>\n<p>\u2013 Name of the consumer (s)<\/p>\n<p>\u2013 Address of the consumer (s)<\/p>\n<p>\u2013 Signature of the consumer (s) (only if this is communicated on paper)<\/p>\n<p>\u2013 Date<\/p>\n<p>___________<br \/>\n(*) Delete where inapplicable.<\/p>\n\n\t\t<\/div>\n\t<\/div>\n<div class=\"vc_empty_space\"   style=\"height: 32px\"><span class=\"vc_empty_space_inner\"><\/span><\/div><\/div><\/div><\/div><\/div>\n<\/div>","protected":false},"excerpt":{"rendered":"Widerrufsrecht f\u00fcr Verbraucher (Verbraucher ist jede nat\u00fcrliche Person, die ein Rechtsgesch\u00e4ft zu Zwecken abschlie\u00dft, die \u00fcberwiegend weder ihrer gewerblichen noch ihrer selbstst\u00e4ndigen beruflichen T\u00e4tigkeit zugerechnet werden kann.) Widerrufsbelehrung Widerrufsrecht Sie haben das Recht, binnen vierzehn Tagen ohne Angabe von Gr\u00fcnden diesen Vertrag zu widerrufen. Die Widerrufsfrist betr\u00e4gt vierzehn Tage ab dem Tag, \u2013 an dem","protected":false},"author":1,"featured_media":0,"parent":0,"menu_order":0,"comment_status":"closed","ping_status":"closed","template":"","meta":{"footnotes":""},"class_list":["post-2521","page","type-page","status-publish","hentry"],"_links":{"self":[{"href":"https:\/\/claripad.de\/en\/wp-json\/wp\/v2\/pages\/2521","targetHints":{"allow":["GET"]}}],"collection":[{"href":"https:\/\/claripad.de\/en\/wp-json\/wp\/v2\/pages"}],"about":[{"href":"https:\/\/claripad.de\/en\/wp-json\/wp\/v2\/types\/page"}],"author":[{"embeddable":true,"href":"https:\/\/claripad.de\/en\/wp-json\/wp\/v2\/users\/1"}],"replies":[{"embeddable":true,"href":"https:\/\/claripad.de\/en\/wp-json\/wp\/v2\/comments?post=2521"}],"version-history":[{"count":5,"href":"https:\/\/claripad.de\/en\/wp-json\/wp\/v2\/pages\/2521\/revisions"}],"predecessor-version":[{"id":2704,"href":"https:\/\/claripad.de\/en\/wp-json\/wp\/v2\/pages\/2521\/revisions\/2704"}],"wp:attachment":[{"href":"https:\/\/claripad.de\/en\/wp-json\/wp\/v2\/media?parent=2521"}],"curies":[{"name":"wp","href":"https:\/\/api.w.org\/{rel}","templated":true}]}}