{"id":2428,"date":"2021-08-01T10:05:13","date_gmt":"2021-08-01T08:05:13","guid":{"rendered":"https:\/\/claripad.de\/?page_id=2428"},"modified":"2024-07-05T10:37:33","modified_gmt":"2024-07-05T08:37:33","slug":"ueber-claripad","status":"publish","type":"page","link":"https:\/\/claripad.de\/en\/ueber-claripad\/","title":{"rendered":"About Claripad"},"content":{"rendered":"<div class=\"wpb-content-wrapper\">\n<div class=\"vc_row wpb_row vc_row-fluid vc_custom_1627808498510 vc_row-has-fill\">\n        <div class=\"wpb_column vc_column_container vc_col-sm-12\"><div class=\"vc_column-inner\"><div class=\"wpb_wrapper\"><!-- About Us -->\r\n<section class=\"content-inner\"  style=\"background-image:url(https:\/\/claripad.de\/wp-content\/uploads\/2021\/06\/bg11.png); background-size:100%;\" >\r\n\t<div class=\"container\">\r\n\t\t<div class=\"row align-items-center\">\r\n\t\t\t\t\t\t<div class=\"col-lg-6 m-b30 wow fadeInRight\" data-wow-duration=\"2s\" data-wow-delay=\"0.4s\">\r\n\t\t\t\t<div class=\"section-head style-1 mb-4\">\r\n\t\t\t\t\t\t\t\t\t\t\t<h6 class=\"sub-title\">\r\n\t\t\t\t\t\t\tClaripad\t\t\t\t\t\t<\/h6>\r\n\t\t\t\t\t\t\t\t\t\t\t\t\r\n\t\t\t\t\t\t\t\t\t\t\t\t\t<h2 class=\"title\">\r\n\t\t\t\t\t\t\t\tPads for clarinet, bassoon and saxophone\t\t\t\t\t\t\t<\/h2>\r\n\t\t\t\t\t\t\t\t\t\t<\/div>\r\n\t\t\t\t\r\n\t\t\t\t\t\t\t\t\t<p class=\"m-b20\">\r\n\t\t\t\t\t\t<strong>We offer a wide range of leather and MagTex pads for clarinet, saxophone and bassoon.<\/strong><\/p>\n<p>We have been producing exclusively the pads in Germany for more than 25 years, thus safeguarding local jobs.<\/p>\n<p>Our experienced homeworkers produce a wide range of types and designs with precision.<\/p>\n<p>We select our materials according to our high standards. Some of them are exclusively produced for us. Therefore, we can guarantee a consistently high quality.<\/p>\n<p>Since the pads are also offered in sets, customers can order on demand and do not have stock them. This flexibility, the short delivery times and custom-made products convince well-known manufacturers and repair services of our products.<\/p>\n<p>The range also includes saxophone pads made of lamb and kangaroo leather. The latest products for clarinets are called KLHM (french style), KLHT and KLX\/KLE hard.<\/p>\n<p>These clarinet pads have a special, hardened insert and are absolutely flat.<\/p>\n<p>There is also a new variant for saxophones. This is called SEKB or SEKS, depending on the color. SEKB stands for brown kangaroo leather and SEKS for black. The special thing about these pads is the thermoplastic core, which is also covered with a MagTex layer. A sanded pressboard gives the pad additional stability and keeps it absolutely flat. This pad is our high-end product and therefore meets the highest demands.<\/p>\n<p>For further information, please do not hesitate to contact us by phone\/mail<\/p>\n<p>Yours Sandra Foag\t\t\t\t\t<\/p>\r\n\t\t\t\t\t\t\t\t\r\n\t\t\t\t\t\t\t\t\t<img decoding=\"async\" src=\"https:\/\/claripad.de\/wp-content\/uploads\/2024\/07\/sandra-1.png\" alt=\"Image\"\/>\r\n\t\t\t\t\t\t\t\t\r\n\t\t\t\t\t\t\t\t\r\n\t\t\t\t\t\t\t<\/div>\r\n\t\t\t\t\t\t<div class=\"col-lg-6 m-b30 wow fadeInLeft\" data-wow-duration=\"2s\" data-wow-delay=\"0.2s\">\r\n\t\t\t\t<div class=\"dz-media\">\r\n\t\t\t\t\t<img decoding=\"async\" src=\"https:\/\/claripad.de\/wp-content\/uploads\/2021\/06\/home_slide-1-1.png\" class=\"move-1\" alt=\"Image\"\/>\r\n\t\t\t\t<\/div>\r\n\t\t\t<\/div>\r\n\t\t\t\t\t<\/div>\r\n\t<\/div>\r\n<\/section><div class=\"vc_empty_space\"   style=\"height: 120px\"><span class=\"vc_empty_space_inner\"><\/span><\/div><\/div><\/div><\/div><\/div>\n\n<\/div>","protected":false},"excerpt":{"rendered":"Claripad Polster f\u00fcr Klarinette, Saxophon und Fagott Wir bieten ein umfangreiches Sortiment an Leder- und MagTex Polstern f\u00fcr Klarinette, Saxophon und Fagott. Bereits seit \u00fcber 25 Jahren werden die Polster ausschlie\u00dflich in Deutschland produziert und somit die Arbeitspl\u00e4tze vor Ort gesichert. Mit viel Fingerspitzengef\u00fchl und Pr\u00e4zision fertigen versierte Heimarbeiterinnen die vielen verschiedenen Arten und Ausf\u00fchrungen.","protected":false},"author":1,"featured_media":0,"parent":0,"menu_order":0,"comment_status":"closed","ping_status":"closed","template":"","meta":{"footnotes":""},"class_list":["post-2428","page","type-page","status-publish","hentry"],"_links":{"self":[{"href":"https:\/\/claripad.de\/en\/wp-json\/wp\/v2\/pages\/2428","targetHints":{"allow":["GET"]}}],"collection":[{"href":"https:\/\/claripad.de\/en\/wp-json\/wp\/v2\/pages"}],"about":[{"href":"https:\/\/claripad.de\/en\/wp-json\/wp\/v2\/types\/page"}],"author":[{"embeddable":true,"href":"https:\/\/claripad.de\/en\/wp-json\/wp\/v2\/users\/1"}],"replies":[{"embeddable":true,"href":"https:\/\/claripad.de\/en\/wp-json\/wp\/v2\/comments?post=2428"}],"version-history":[{"count":10,"href":"https:\/\/claripad.de\/en\/wp-json\/wp\/v2\/pages\/2428\/revisions"}],"predecessor-version":[{"id":2957,"href":"https:\/\/claripad.de\/en\/wp-json\/wp\/v2\/pages\/2428\/revisions\/2957"}],"wp:attachment":[{"href":"https:\/\/claripad.de\/en\/wp-json\/wp\/v2\/media?parent=2428"}],"curies":[{"name":"wp","href":"https:\/\/api.w.org\/{rel}","templated":true}]}}