{"id":2180,"date":"2021-06-20T11:25:18","date_gmt":"2021-06-20T09:25:18","guid":{"rendered":"https:\/\/claripad.de\/?page_id=2180"},"modified":"2024-07-09T14:36:19","modified_gmt":"2024-07-09T12:36:19","slug":"sortiment","status":"publish","type":"page","link":"https:\/\/claripad.de\/en\/sortiment\/","title":{"rendered":"Assortment"},"content":{"rendered":"<div class=\"wpb-content-wrapper\">\n<div class=\"vc_row wpb_row vc_row-fluid\">\n        <div class=\"wpb_column vc_column_container vc_col-sm-12\"><div class=\"vc_column-inner\"><div class=\"wpb_wrapper\"><!-- About Us -->\n<section class=\"content-inner\">\n\t<div class=\"container\">\n\t\t<div class=\"row align-items-center\">\n\t\t\t<div class=\"col-lg-6 wow fadeInLeft\" data-wow-duration=\"2s\" data-wow-delay=\"0.2s\">\n\t\t\t\t\t\t\t\t\t<div class=\"section-head style-1\">\n\t\t\t\t\t\t\t\t\t\t\t\t\n\t\t\t\t\t\t<h2 class=\"title m-b15\">\n\t\t\t\t\t\t\tPads for Clarinet\t\t\t\t\t\t<\/h2>\n\t\t\t\t\t\t\n\t\t\t\t\t\t\t\t\t\t\t\t\t<p>\n\t\t\t\t\t\t\t\t<strong>available from 6.0 mm to 16.5 mm diameter (0.5 mm steps)<\/strong>\t\t\t\t\t\t\t<\/p>\n\t\t\t\t\t\t\t\t\t\t\t<\/div>\n\t\t\t\t\t\t\t\t\n\t\t\t\t\t\t\t\t<div class=\"row\">\n\t\t\t\t\t\t\t\t\t\t\t<div class=\"col-lg-12 col-md-6\">\n\t\t\t\t\t\t\t<div class=\"icon-bx-wraper style-6 left p-0 m-b30 icon-up\">\n\t\t\t\t\t\t\t\t\t\t\t\t\t\t\t\n\t\t\t\t\t\t\t\t<div class=\"icon-content\">\n\t\t\t\t\t\t\t\t\t\t\t\t\t\t\t\t\t\t\t<h4 class=\"dlab-title m-b5\">\n\t\t\t\t\t\t\t\t\t\t\tKLN\t\t\t\t\t\t\t\t\t\t<\/h4>\n\t\t\t\t\t\t\t\t\t\t\t\t\t\t\t\t\t\t\n\t\t\t\t\t\t\t\t\t\t\t\t\t\t\t\t\t\t\t<p>\n\t\t\t\t\t\t\t\t\t\t\t\t\t\t\t\t\t\t\t\t\t\tPads made of soft white lamb leather, nature leather<\/br>\ncomposition: woven felt, coated cardboard<\/br>\nPad thickness: approx. 3 mm - other thicknesses on request\t\t\t\t\t\t\t\t\t\t<\/p>\n\t\t\t\t\t\t\t\t\t\t\t\t\t\t\t\t\t<\/div>\n\t\t\t\t\t\t\t<\/div>\n\t\t\t\t\t\t<\/div>\n\t\t\t\t\t\t\t\t\t\t\t\t<div class=\"col-lg-12 col-md-6\">\n\t\t\t\t\t\t\t<div class=\"icon-bx-wraper style-6 left p-0 m-b30 icon-up\">\n\t\t\t\t\t\t\t\t\t\t\t\t\t\t\t\n\t\t\t\t\t\t\t\t<div class=\"icon-content\">\n\t\t\t\t\t\t\t\t\t\t\t\t\t\t\t\t\t\t\t<h4 class=\"dlab-title m-b5\">\n\t\t\t\t\t\t\t\t\t\t\tKLS\t\t\t\t\t\t\t\t\t\t<\/h4>\n\t\t\t\t\t\t\t\t\t\t\t\t\t\t\t\t\t\t\n\t\t\t\t\t\t\t\t\t\t\t\t\t\t\t\t\t\t\t<p>\n\t\t\t\t\t\t\t\t\t\t\t\t\t\t\t\t\t\t\t\t\t\tPads made of soft white lamb leather, specially impregnated inside<\/br>\ncomposition: woven felt, coated cardboard<\/br>\nPad thickness: approx. 3 mm - other thicknesses on request<\/br>\t\t\t\t\t\t\t\t\t\t<\/p>\n\t\t\t\t\t\t\t\t\t\t\t\t\t\t\t\t\t<\/div>\n\t\t\t\t\t\t\t<\/div>\n\t\t\t\t\t\t<\/div>\n\t\t\t\t\t\t\t\t\t\t\t\t<div class=\"col-lg-12 col-md-6\">\n\t\t\t\t\t\t\t<div class=\"icon-bx-wraper style-6 left p-0 m-b30 icon-up\">\n\t\t\t\t\t\t\t\t\t\t\t\t\t\t\t\n\t\t\t\t\t\t\t\t<div class=\"icon-content\">\n\t\t\t\t\t\t\t\t\t\t\t\t\t\t\t\t\t\t\t<h4 class=\"dlab-title m-b5\">\n\t\t\t\t\t\t\t\t\t\t\tKLX\t\t\t\t\t\t\t\t\t\t<\/h4>\n\t\t\t\t\t\t\t\t\t\t\t\t\t\t\t\t\t\t\n\t\t\t\t\t\t\t\t\t\t\t\t\t\t\t\t\t\t\t<p>\n\t\t\t\t\t\t\t\t\t\t\t\t\t\t\t\t\t\t\t\t\t\tPads made of MagTex (microfilter laminate), absolutely waterproof and with a long durability<\/br>\ncomposition: woven felt, leather, coated cardboard<\/br>\nPad thickness: approx. 3.2 mm - other thicknesses on request<\/br>\nAlso available in hard\t\t\t\t\t\t\t\t\t\t<\/p>\n\t\t\t\t\t\t\t\t\t\t\t\t\t\t\t\t\t<\/div>\n\t\t\t\t\t\t\t<\/div>\n\t\t\t\t\t\t<\/div>\n\t\t\t\t\t\t\t\t\t\t\t\t<div class=\"col-lg-12 col-md-6\">\n\t\t\t\t\t\t\t<div class=\"icon-bx-wraper style-6 left p-0 m-b30 icon-up\">\n\t\t\t\t\t\t\t\t\t\t\t\t\t\t\t\n\t\t\t\t\t\t\t\t<div class=\"icon-content\">\n\t\t\t\t\t\t\t\t\t\t\t\t\t\t\t\t\t\t\t<h4 class=\"dlab-title m-b5\">\n\t\t\t\t\t\t\t\t\t\t\tKLE\t\t\t\t\t\t\t\t\t\t<\/h4>\n\t\t\t\t\t\t\t\t\t\t\t\t\t\t\t\t\t\t\n\t\t\t\t\t\t\t\t\t\t\t\t\t\t\t\t\t\t\t<p>\n\t\t\t\t\t\t\t\t\t\t\t\t\t\t\t\t\t\t\t\t\t\tPads made of MagTex (microfilter laminate), absolutely waterproof and with a long durability<\/br>\ncomposition: thermoplastic core, coated cardboard<\/br>\nPad thickness: approx. 3.2 mm - other thicknesses on request<\/br>\nAlso available in hard\t\t\t\t\t\t\t\t\t\t<\/p>\n\t\t\t\t\t\t\t\t\t\t\t\t\t\t\t\t\t<\/div>\n\t\t\t\t\t\t\t<\/div>\n\t\t\t\t\t\t<\/div>\n\t\t\t\t\t\t\t\t\t\t\t\t<div class=\"col-lg-12 col-md-6\">\n\t\t\t\t\t\t\t<div class=\"icon-bx-wraper style-6 left p-0 m-b30 icon-up\">\n\t\t\t\t\t\t\t\t\t\t\t\t\t\t\t\n\t\t\t\t\t\t\t\t<div class=\"icon-content\">\n\t\t\t\t\t\t\t\t\t\t\t\t\t\t\t\t\t\t\t<h4 class=\"dlab-title m-b5\">\n\t\t\t\t\t\t\t\t\t\t\tKLHT\t\t\t\t\t\t\t\t\t\t<\/h4>\n\t\t\t\t\t\t\t\t\t\t\t\t\t\t\t\t\t\t\n\t\t\t\t\t\t\t\t\t\t\t\t\t\t\t\t\t\t\t<p>\n\t\t\t\t\t\t\t\t\t\t\t\t\t\t\t\t\t\t\t\t\t\tGerman style<br>\nPads made of soft white lamb leather, specially impregnated inside<br>\ncomposition: felt and cardboard hardened and sanded<br>\nPad thickness: approx. 3 mm - other thicknesses on request\t\t\t\t\t\t\t\t\t\t<\/p>\n\t\t\t\t\t\t\t\t\t\t\t\t\t\t\t\t\t<\/div>\n\t\t\t\t\t\t\t<\/div>\n\t\t\t\t\t\t<\/div>\n\t\t\t\t\t\t\t\t\t\t\t\t<div class=\"col-lg-12 col-md-6\">\n\t\t\t\t\t\t\t<div class=\"icon-bx-wraper style-6 left p-0 m-b30 icon-up\">\n\t\t\t\t\t\t\t\t\t\t\t\t\t\t\t\n\t\t\t\t\t\t\t\t<div class=\"icon-content\">\n\t\t\t\t\t\t\t\t\t\t\t\t\t\t\t\t\t\t\t<h4 class=\"dlab-title m-b5\">\n\t\t\t\t\t\t\t\t\t\t\tKLHM\t\t\t\t\t\t\t\t\t\t<\/h4>\n\t\t\t\t\t\t\t\t\t\t\t\t\t\t\t\t\t\t\n\t\t\t\t\t\t\t\t\t\t\t\t\t\t\t\t\t\t\t<p>\n\t\t\t\t\t\t\t\t\t\t\t\t\t\t\t\t\t\t\t\t\t\tFrench style<br>\nPads made of soft white lamb leather, specially impregnated inside<br>\ncomposition: felt and cardboard hardened and sanded<br>\nPad thickness: approx. 3 mm - other thicknesses on request\t\t\t\t\t\t\t\t\t\t<\/p>\n\t\t\t\t\t\t\t\t\t\t\t\t\t\t\t\t\t<\/div>\n\t\t\t\t\t\t\t<\/div>\n\t\t\t\t\t\t<\/div>\n\t\t\t\t\t\t\t\t\t\t\t\t<div class=\"col-lg-12 col-md-6\">\n\t\t\t\t\t\t\t<div class=\"icon-bx-wraper style-6 left p-0 m-b30 icon-up\">\n\t\t\t\t\t\t\t\t\t\t\t\t\t\t\t\n\t\t\t\t\t\t\t\t<div class=\"icon-content\">\n\t\t\t\t\t\t\t\t\t\t\t\t\t\t\t\t\t\t\t<h4 class=\"dlab-title m-b5\">\n\t\t\t\t\t\t\t\t\t\t\tKLHW\t\t\t\t\t\t\t\t\t\t<\/h4>\n\t\t\t\t\t\t\t\t\t\t\t\t\t\t\t\t\t\t\n\t\t\t\t\t\t\t\t\t\t\t\t\t\t\t\t\t\t\t<p>\n\t\t\t\t\t\t\t\t\t\t\t\t\t\t\t\t\t\t\t\t\t\tCustom-made Pads,<br \/>  \ne.g. woven felt, soft felt, special thicknesses, other types of leather, etc.\t\t\t\t\t\t\t\t\t\t<\/p>\n\t\t\t\t\t\t\t\t\t\t\t\t\t\t\t\t\t<\/div>\n\t\t\t\t\t\t\t<\/div>\n\t\t\t\t\t\t<\/div>\n\t\t\t\t\t\t\t\t\t\t\t\t<div class=\"col-lg-12 col-md-6\">\n\t\t\t\t\t\t\t<div class=\"icon-bx-wraper style-6 left p-0 m-b30 icon-up\">\n\t\t\t\t\t\t\t\t\t\t\t\t\t\t\t\n\t\t\t\t\t\t\t\t<div class=\"icon-content\">\n\t\t\t\t\t\t\t\t\t\t\t\t\t\t\t\t\t\t\n\t\t\t\t\t\t\t\t\t\t\t\t\t\t\t\t\t<\/div>\n\t\t\t\t\t\t\t<\/div>\n\t\t\t\t\t\t<\/div>\n\t\t\t\t\t\t\t\t\t\t\t<\/div>\n\t\t\t\t\t\t\t<\/div>\n\t\t\t\t\t\t\t<div class=\"col-lg-6 m-b30 wow fadeInRight\" data-wow-duration=\"2s\" data-wow-delay=\"0.4s\">\n\t\t\t\t\t<div class=\"video-bx style-3\">\n\t\t\t\t\t\t<img decoding=\"async\" src=\"https:\/\/claripad.de\/wp-content\/uploads\/2024\/07\/sortiment-klarinentenpolster-2024-1.jpg\" alt=\"Image\"\/>\n\t\t\t\t\t\t\n\t\t\t\t\t\t\t\t\t\t\t\t\n\t\t\t\t\t<\/div>\n\t\t\t\t<\/div>\n\t\t\t\t\t<\/div>\n\t<\/div>\n<\/section><style>.vc_btn3-style-gradient-custom.vc_btn-gradient-btn-6a0984d9d549e:hover{color: #ffffff;background-color: #5a6e93;border: none;background-position: 100% 0;}<\/style><style>.vc_btn3-style-gradient-custom.vc_btn-gradient-btn-6a0984d9d549e{color: #ffffff;border: none;background-color: #5a6e93;background-image: -webkit-linear-gradient(left, #5a6e93 0%, #5a6e93 50%,#5a6e93 100%);background-image: linear-gradient(to right, #5a6e93 0%, #5a6e93 50%,#5a6e93 100%);-webkit-transition: all .2s ease-in-out;transition: all .2s ease-in-out;background-size: 200% 100%;}<\/style><div class=\"vc_btn3-container vc_btn3-center vc_do_btn\" ><a data-vc-gradient-1=\"#5a6e93\" data-vc-gradient-2=\"#5a6e93\" class=\"vc_general vc_btn3 vc_btn3-size-lg vc_btn3-shape-rounded vc_btn3-style-gradient-custom vc_btn3-icon-left vc_btn-gradient-btn-6a0984d9d549e\" href=\"https:\/\/claripad.de\/en\/bestellkatalog\/\" title=\"Polster bestellen\"><i class=\"vc_btn3-icon fas fa-info\"><\/i> Order Pads for Clarinet<\/a><\/div><!-- About Us -->\n<section class=\"content-inner\">\n\t<div class=\"container\">\n\t\t<div class=\"row align-items-center\">\n\t\t\t<div class=\"col-lg-6 wow fadeInLeft\" data-wow-duration=\"2s\" data-wow-delay=\"0.2s\">\n\t\t\t\t\t\t\t\t\t<div class=\"section-head style-1\">\n\t\t\t\t\t\t\t\t\t\t\t\t\n\t\t\t\t\t\t<h2 class=\"title m-b15\">\n\t\t\t\t\t\t\tPads for Bassoon\t\t\t\t\t\t<\/h2>\n\t\t\t\t\t\t\n\t\t\t\t\t\t\t\t\t\t\t\t\t<p>\n\t\t\t\t\t\t\t\t<strong>available from 17.0 mm to 30.0 mm diameter (0.5 mm steps)<\/strong>\t\t\t\t\t\t\t<\/p>\n\t\t\t\t\t\t\t\t\t\t\t<\/div>\n\t\t\t\t\t\t\t\t\n\t\t\t\t\t\t\t\t<div class=\"row\">\n\t\t\t\t\t\t\t\t\t\t\t<div class=\"col-lg-12 col-md-6\">\n\t\t\t\t\t\t\t<div class=\"icon-bx-wraper style-6 left p-0 m-b30 icon-up\">\n\t\t\t\t\t\t\t\t\t\t\t\t\t\t\t\n\t\t\t\t\t\t\t\t<div class=\"icon-content\">\n\t\t\t\t\t\t\t\t\t\t\t\t\t\t\t\t\t\t\t<h4 class=\"dlab-title m-b5\">\n\t\t\t\t\t\t\t\t\t\t\tFGN\t\t\t\t\t\t\t\t\t\t<\/h4>\n\t\t\t\t\t\t\t\t\t\t\t\t\t\t\t\t\t\t\n\t\t\t\t\t\t\t\t\t\t\t\t\t\t\t\t\t\t\t<p>\n\t\t\t\t\t\t\t\t\t\t\t\t\t\t\t\t\t\t\t\t\t\tPads made of soft white lamb leather, nature leather<br>\ncomposition: woven felt, coated cardboard<br>\nPad thickness: approx. 3.5 mm - other thicknesses on request\t\t\t\t\t\t\t\t\t\t<\/p>\n\t\t\t\t\t\t\t\t\t\t\t\t\t\t\t\t\t<\/div>\n\t\t\t\t\t\t\t<\/div>\n\t\t\t\t\t\t<\/div>\n\t\t\t\t\t\t\t\t\t\t\t\t<div class=\"col-lg-12 col-md-6\">\n\t\t\t\t\t\t\t<div class=\"icon-bx-wraper style-6 left p-0 m-b30 icon-up\">\n\t\t\t\t\t\t\t\t\t\t\t\t\t\t\t\n\t\t\t\t\t\t\t\t<div class=\"icon-content\">\n\t\t\t\t\t\t\t\t\t\t\t\t\t\t\t\t\t\t\t<h4 class=\"dlab-title m-b5\">\n\t\t\t\t\t\t\t\t\t\t\tFGS\t\t\t\t\t\t\t\t\t\t<\/h4>\n\t\t\t\t\t\t\t\t\t\t\t\t\t\t\t\t\t\t\n\t\t\t\t\t\t\t\t\t\t\t\t\t\t\t\t\t\t\t<p>\n\t\t\t\t\t\t\t\t\t\t\t\t\t\t\t\t\t\t\t\t\t\tPads made of soft white lamb leather, specially impregnated inside<br>\ncomposition: woven felt, coated cardboard<br>\nPad thickness: approx. 3.5 mm - other thicknesses on request\t\t\t\t\t\t\t\t\t\t<\/p>\n\t\t\t\t\t\t\t\t\t\t\t\t\t\t\t\t\t<\/div>\n\t\t\t\t\t\t\t<\/div>\n\t\t\t\t\t\t<\/div>\n\t\t\t\t\t\t\t\t\t\t\t\t<div class=\"col-lg-12 col-md-6\">\n\t\t\t\t\t\t\t<div class=\"icon-bx-wraper style-6 left p-0 m-b30 icon-up\">\n\t\t\t\t\t\t\t\t\t\t\t\t\t\t\t\n\t\t\t\t\t\t\t\t<div class=\"icon-content\">\n\t\t\t\t\t\t\t\t\t\t\t\t\t\t\t\t\t\t\t<h4 class=\"dlab-title m-b5\">\n\t\t\t\t\t\t\t\t\t\t\tFGX\t\t\t\t\t\t\t\t\t\t<\/h4>\n\t\t\t\t\t\t\t\t\t\t\t\t\t\t\t\t\t\t\n\t\t\t\t\t\t\t\t\t\t\t\t\t\t\t\t\t\t\t<p>\n\t\t\t\t\t\t\t\t\t\t\t\t\t\t\t\t\t\t\t\t\t\tPads made of MagTex (microfilter laminate), absolutely waterproof and with a long durability<br>\ncomposition: woven felt, leather, coated cardboard<br>\nPad thickness: approx. 3.5 mm - other thicknesses on request\t\t\t\t\t\t\t\t\t\t<\/p>\n\t\t\t\t\t\t\t\t\t\t\t\t\t\t\t\t\t<\/div>\n\t\t\t\t\t\t\t<\/div>\n\t\t\t\t\t\t<\/div>\n\t\t\t\t\t\t\t\t\t\t\t\t<div class=\"col-lg-12 col-md-6\">\n\t\t\t\t\t\t\t<div class=\"icon-bx-wraper style-6 left p-0 m-b30 icon-up\">\n\t\t\t\t\t\t\t\t\t\t\t\t\t\t\t\n\t\t\t\t\t\t\t\t<div class=\"icon-content\">\n\t\t\t\t\t\t\t\t\t\t\t\t\t\t\t\t\t\t\t<h4 class=\"dlab-title m-b5\">\n\t\t\t\t\t\t\t\t\t\t\tFGE\t\t\t\t\t\t\t\t\t\t<\/h4>\n\t\t\t\t\t\t\t\t\t\t\t\t\t\t\t\t\t\t\n\t\t\t\t\t\t\t\t\t\t\t\t\t\t\t\t\t\t\t<p>\n\t\t\t\t\t\t\t\t\t\t\t\t\t\t\t\t\t\t\t\t\t\tPads made of MagTex (microfilter laminate), absolutely waterproof and with a long durability<br>\ncomposition: thermoplastic core, coated cardboard<br>\nPad thickness: approx. 3.5 mm - other thicknesses on request\t\t\t\t\t\t\t\t\t\t<\/p>\n\t\t\t\t\t\t\t\t\t\t\t\t\t\t\t\t\t<\/div>\n\t\t\t\t\t\t\t<\/div>\n\t\t\t\t\t\t<\/div>\n\t\t\t\t\t\t\t\t\t\t\t\t<div class=\"col-lg-12 col-md-6\">\n\t\t\t\t\t\t\t<div class=\"icon-bx-wraper style-6 left p-0 m-b30 icon-up\">\n\t\t\t\t\t\t\t\t\t\t\t\t\t\t\t\n\t\t\t\t\t\t\t\t<div class=\"icon-content\">\n\t\t\t\t\t\t\t\t\t\t\t\t\t\t\t\t\t\t\t<h4 class=\"dlab-title m-b5\">\n\t\t\t\t\t\t\t\t\t\t\tFGW\t\t\t\t\t\t\t\t\t\t<\/h4>\n\t\t\t\t\t\t\t\t\t\t\t\t\t\t\t\t\t\t\n\t\t\t\t\t\t\t\t\t\t\t\t\t\t\t\t\t\t\t<p>\n\t\t\t\t\t\t\t\t\t\t\t\t\t\t\t\t\t\t\t\t\t\tCustom-made Pads,<br>\ne.g. woven felt, soft felt, special thicknesses, other types of leather, etc.\t\t\t\t\t\t\t\t\t\t<\/p>\n\t\t\t\t\t\t\t\t\t\t\t\t\t\t\t\t\t<\/div>\n\t\t\t\t\t\t\t<\/div>\n\t\t\t\t\t\t<\/div>\n\t\t\t\t\t\t\t\t\t\t\t<\/div>\n\t\t\t\t\t\t\t<\/div>\n\t\t\t\t\t\t\t<div class=\"col-lg-6 m-b30 wow fadeInRight\" data-wow-duration=\"2s\" data-wow-delay=\"0.4s\">\n\t\t\t\t\t<div class=\"video-bx style-3\">\n\t\t\t\t\t\t<img decoding=\"async\" src=\"https:\/\/claripad.de\/wp-content\/uploads\/2021\/08\/sortiment-fagottpolster-2.jpg\" alt=\"Image\"\/>\n\t\t\t\t\t\t\n\t\t\t\t\t\t\t\t\t\t\t\t\n\t\t\t\t\t<\/div>\n\t\t\t\t<\/div>\n\t\t\t\t\t<\/div>\n\t<\/div>\n<\/section><style>.vc_btn3-style-gradient-custom.vc_btn-gradient-btn-6a0984d9d594b:hover{color: #ffffff;background-color: #5a6e93;border: none;background-position: 100% 0;}<\/style><style>.vc_btn3-style-gradient-custom.vc_btn-gradient-btn-6a0984d9d594b{color: #ffffff;border: none;background-color: #5a6e93;background-image: -webkit-linear-gradient(left, #5a6e93 0%, #5a6e93 50%,#5a6e93 100%);background-image: linear-gradient(to right, #5a6e93 0%, #5a6e93 50%,#5a6e93 100%);-webkit-transition: all .2s ease-in-out;transition: all .2s ease-in-out;background-size: 200% 100%;}<\/style><div class=\"vc_btn3-container vc_btn3-center vc_do_btn\" ><a data-vc-gradient-1=\"#5a6e93\" data-vc-gradient-2=\"#5a6e93\" class=\"vc_general vc_btn3 vc_btn3-size-lg vc_btn3-shape-rounded vc_btn3-style-gradient-custom vc_btn3-icon-left vc_btn-gradient-btn-6a0984d9d594b\" href=\"https:\/\/claripad.de\/en\/bestellkatalog\/\" title=\"Polster bestellen\"><i class=\"vc_btn3-icon fas fa-info\"><\/i> Order Pads for Bassoon<\/a><\/div><!-- About Us -->\n<section class=\"content-inner\">\n\t<div class=\"container\">\n\t\t<div class=\"row align-items-center\">\n\t\t\t<div class=\"col-lg-6 wow fadeInLeft\" data-wow-duration=\"2s\" data-wow-delay=\"0.2s\">\n\t\t\t\t\t\t\t\t\t<div class=\"section-head style-1\">\n\t\t\t\t\t\t\t\t\t\t\t\t\n\t\t\t\t\t\t<h2 class=\"title m-b15\">\n\t\t\t\t\t\t\tPads for Saxophon\t\t\t\t\t\t<\/h2>\n\t\t\t\t\t\t\n\t\t\t\t\t\t\t\t\t\t\t\t\t<p>\n\t\t\t\t\t\t\t\t<b>available from 6.0 mm to 75.0 mm diameter (0.5 mm steps)<\/b>\t\t\t\t\t\t\t<\/p>\n\t\t\t\t\t\t\t\t\t\t\t<\/div>\n\t\t\t\t\t\t\t\t\n\t\t\t\t\t\t\t\t<div class=\"row\">\n\t\t\t\t\t\t\t\t\t\t\t<div class=\"col-lg-12 col-md-6\">\n\t\t\t\t\t\t\t<div class=\"icon-bx-wraper style-6 left p-0 m-b30 icon-up\">\n\t\t\t\t\t\t\t\t\t\t\t\t\t\t\t\n\t\t\t\t\t\t\t\t<div class=\"icon-content\">\n\t\t\t\t\t\t\t\t\t\t\t\t\t\t\t\t\t\t\t<h4 class=\"dlab-title m-b5\">\n\t\t\t\t\t\t\t\t\t\t\tSAS\t\t\t\t\t\t\t\t\t\t<\/h4>\n\t\t\t\t\t\t\t\t\t\t\t\t\t\t\t\t\t\t\n\t\t\t\t\t\t\t\t\t\t\t\t\t\t\t\t\t\t\t<p>\n\t\t\t\t\t\t\t\t\t\t\t\t\t\t\t\t\t\t\t\t\t\tPads made of soft brown lamb leather with a fine-pored structure, specially impregnated on the inside<br>\ncomposition: woven felt, pressed hard cardboard<br>\nPad thickness: approx. 4 mm - other thicknesses on request\t\t\t\t\t\t\t\t\t\t<\/p>\n\t\t\t\t\t\t\t\t\t\t\t\t\t\t\t\t\t<\/div>\n\t\t\t\t\t\t\t<\/div>\n\t\t\t\t\t\t<\/div>\n\t\t\t\t\t\t\t\t\t\t\t\t<div class=\"col-lg-12 col-md-6\">\n\t\t\t\t\t\t\t<div class=\"icon-bx-wraper style-6 left p-0 m-b30 icon-up\">\n\t\t\t\t\t\t\t\t\t\t\t\t\t\t\t\n\t\t\t\t\t\t\t\t<div class=\"icon-content\">\n\t\t\t\t\t\t\t\t\t\t\t\t\t\t\t\t\t\t\t<h4 class=\"dlab-title m-b5\">\n\t\t\t\t\t\t\t\t\t\t\tSALS\t\t\t\t\t\t\t\t\t\t<\/h4>\n\t\t\t\t\t\t\t\t\t\t\t\t\t\t\t\t\t\t\n\t\t\t\t\t\t\t\t\t\t\t\t\t\t\t\t\t\t\t<p>\n\t\t\t\t\t\t\t\t\t\t\t\t\t\t\t\t\t\t\t\t\t\tPads made of soft black lamb leather with a fine-pored structure, specially impregnated on the inside<br>\ncomposition: woven felt, pressed hard cardboard<br>\nPad thickness: approx. 4 mm - other thicknesses on request\t\t\t\t\t\t\t\t\t\t<\/p>\n\t\t\t\t\t\t\t\t\t\t\t\t\t\t\t\t\t<\/div>\n\t\t\t\t\t\t\t<\/div>\n\t\t\t\t\t\t<\/div>\n\t\t\t\t\t\t\t\t\t\t\t\t<div class=\"col-lg-12 col-md-6\">\n\t\t\t\t\t\t\t<div class=\"icon-bx-wraper style-6 left p-0 m-b30 icon-up\">\n\t\t\t\t\t\t\t\t\t\t\t\t\t\t\t\n\t\t\t\t\t\t\t\t<div class=\"icon-content\">\n\t\t\t\t\t\t\t\t\t\t\t\t\t\t\t\t\t\t\t<h4 class=\"dlab-title m-b5\">\n\t\t\t\t\t\t\t\t\t\t\tSAKB\t\t\t\t\t\t\t\t\t\t<\/h4>\n\t\t\t\t\t\t\t\t\t\t\t\t\t\t\t\t\t\t\n\t\t\t\t\t\t\t\t\t\t\t\t\t\t\t\t\t\t\t<p>\n\t\t\t\t\t\t\t\t\t\t\t\t\t\t\t\t\t\t\t\t\t\tPads made of brown kangaroo leather, specially impregnated on the inside, the leather is extremely tear and tensile strength, has high abrasion resistance and stability, is water-repellent and yet breathable<br>\ncomposition: woven felt, pressed hard cardboard<br>\nPad thickness: approx. 4 mm - other thicknesses on request\t\t\t\t\t\t\t\t\t\t<\/p>\n\t\t\t\t\t\t\t\t\t\t\t\t\t\t\t\t\t<\/div>\n\t\t\t\t\t\t\t<\/div>\n\t\t\t\t\t\t<\/div>\n\t\t\t\t\t\t\t\t\t\t\t\t<div class=\"col-lg-12 col-md-6\">\n\t\t\t\t\t\t\t<div class=\"icon-bx-wraper style-6 left p-0 m-b30 icon-up\">\n\t\t\t\t\t\t\t\t\t\t\t\t\t\t\t\n\t\t\t\t\t\t\t\t<div class=\"icon-content\">\n\t\t\t\t\t\t\t\t\t\t\t\t\t\t\t\t\t\t\t<h4 class=\"dlab-title m-b5\">\n\t\t\t\t\t\t\t\t\t\t\tSAKS\t\t\t\t\t\t\t\t\t\t<\/h4>\n\t\t\t\t\t\t\t\t\t\t\t\t\t\t\t\t\t\t\n\t\t\t\t\t\t\t\t\t\t\t\t\t\t\t\t\t\t\t<p>\n\t\t\t\t\t\t\t\t\t\t\t\t\t\t\t\t\t\t\t\t\t\tPads made of black kangaroo leather, specially impregnated on the inside, the leather is extremely tear and tensile strength, has high abrasion resistance and stability, is water-repellent and yet breathable<br>\ncomposition: woven felt, pressed hard cardboard<br>\nPad thickness: approx. 4 mm - other thicknesses on request\t\t\t\t\t\t\t\t\t\t<\/p>\n\t\t\t\t\t\t\t\t\t\t\t\t\t\t\t\t\t<\/div>\n\t\t\t\t\t\t\t<\/div>\n\t\t\t\t\t\t<\/div>\n\t\t\t\t\t\t\t\t\t\t\t\t<div class=\"col-lg-12 col-md-6\">\n\t\t\t\t\t\t\t<div class=\"icon-bx-wraper style-6 left p-0 m-b30 icon-up\">\n\t\t\t\t\t\t\t\t\t\t\t\t\t\t\t\n\t\t\t\t\t\t\t\t<div class=\"icon-content\">\n\t\t\t\t\t\t\t\t\t\t\t\t\t\t\t\t\t\t\t<h4 class=\"dlab-title m-b5\">\n\t\t\t\t\t\t\t\t\t\t\tSEKB\/S\t\t\t\t\t\t\t\t\t\t<\/h4>\n\t\t\t\t\t\t\t\t\t\t\t\t\t\t\t\t\t\t\n\t\t\t\t\t\t\t\t\t\t\t\t\t\t\t\t\t\t\t<p>\n\t\t\t\t\t\t\t\t\t\t\t\t\t\t\t\t\t\t\t\t\t\tPads made of brown or black kangaroo leather, specially impregnated on the inside<br>\ncomposition: thermoplastic plastic core with MagTex layer and sanded cardboard<br>\nPad thickness: approx. 4.2 mm - other thicknesses on request<br>\n<br>\n<strong>NEW: now also available in black plastic resonators<\/strong>\t\t\t\t\t\t\t\t\t\t<\/p>\n\t\t\t\t\t\t\t\t\t\t\t\t\t\t\t\t\t<\/div>\n\t\t\t\t\t\t\t<\/div>\n\t\t\t\t\t\t<\/div>\n\t\t\t\t\t\t\t\t\t\t\t<\/div>\n\t\t\t\t\t\t\t<\/div>\n\t\t\t\t\t\t\t<div class=\"col-lg-6 m-b30 wow fadeInRight\" data-wow-duration=\"2s\" data-wow-delay=\"0.4s\">\n\t\t\t\t\t<div class=\"video-bx style-3\">\n\t\t\t\t\t\t<img decoding=\"async\" src=\"https:\/\/claripad.de\/wp-content\/uploads\/2024\/07\/sortiment-saxophon-2024.jpg\" alt=\"Image\"\/>\n\t\t\t\t\t\t\n\t\t\t\t\t\t\t\t\t\t\t\t\n\t\t\t\t\t<\/div>\n\t\t\t\t<\/div>\n\t\t\t\t\t<\/div>\n\t<\/div>\n<\/section><style>.vc_btn3-style-gradient-custom.vc_btn-gradient-btn-6a0984d9d5e2b:hover{color: #ffffff;background-color: #5a6e93;border: none;background-position: 100% 0;}<\/style><style>.vc_btn3-style-gradient-custom.vc_btn-gradient-btn-6a0984d9d5e2b{color: #ffffff;border: none;background-color: #5a6e93;background-image: -webkit-linear-gradient(left, #5a6e93 0%, #5a6e93 50%,#5a6e93 100%);background-image: linear-gradient(to right, #5a6e93 0%, #5a6e93 50%,#5a6e93 100%);-webkit-transition: all .2s ease-in-out;transition: all .2s ease-in-out;background-size: 200% 100%;}<\/style><div class=\"vc_btn3-container vc_btn3-center vc_do_btn\" ><a data-vc-gradient-1=\"#5a6e93\" data-vc-gradient-2=\"#5a6e93\" class=\"vc_general vc_btn3 vc_btn3-size-lg vc_btn3-shape-rounded vc_btn3-style-gradient-custom vc_btn3-icon-left vc_btn-gradient-btn-6a0984d9d5e2b\" href=\"https:\/\/claripad.de\/en\/bestellkatalog\/\" title=\"Polster bestellen\"><i class=\"vc_btn3-icon fas fa-info\"><\/i> Order Pads for Saxophon<\/a><\/div><div class=\"vc_row wpb_row vc_inner vc_row-fluid\"><div class=\"wpb_column vc_column_container vc_col-sm-12\"><div class=\"vc_column-inner\"><div class=\"wpb_wrapper\"><div class=\"vc_empty_space\"   style=\"height: 120px\"><span class=\"vc_empty_space_inner\"><\/span><\/div><\/div><\/div><\/div><\/div><\/div><\/div><\/div><\/div>\n\n<\/div>","protected":false},"excerpt":{"rendered":"Klarinetten\u00adpolster lieferbar von 6,0 mm bis 16,5 mm Durchmesser (0,5 mm Schritte) KLN Polster aus weichem, wei\u00dfen Lammleder, naturbelassen Zusammensetzung: gewebter Filz, beschichtete Pappe Polsterst\u00e4rke: ca. 3 mm \u2013 andere St\u00e4rken auf Anfrage KLS Polster aus weichem, wei\u00dfen Lammleder, innen spezial-impr\u00e4gniert Zusammensetzung: gewebter Filz, beschichtete Pappe Polsterst\u00e4rke ca. 3 mm \u2013 andere St\u00e4rken auf Anfrage","protected":false},"author":1,"featured_media":0,"parent":0,"menu_order":0,"comment_status":"closed","ping_status":"closed","template":"samar_homepage.php","meta":{"footnotes":""},"class_list":["post-2180","page","type-page","status-publish","hentry"],"_links":{"self":[{"href":"https:\/\/claripad.de\/en\/wp-json\/wp\/v2\/pages\/2180","targetHints":{"allow":["GET"]}}],"collection":[{"href":"https:\/\/claripad.de\/en\/wp-json\/wp\/v2\/pages"}],"about":[{"href":"https:\/\/claripad.de\/en\/wp-json\/wp\/v2\/types\/page"}],"author":[{"embeddable":true,"href":"https:\/\/claripad.de\/en\/wp-json\/wp\/v2\/users\/1"}],"replies":[{"embeddable":true,"href":"https:\/\/claripad.de\/en\/wp-json\/wp\/v2\/comments?post=2180"}],"version-history":[{"count":11,"href":"https:\/\/claripad.de\/en\/wp-json\/wp\/v2\/pages\/2180\/revisions"}],"predecessor-version":[{"id":2975,"href":"https:\/\/claripad.de\/en\/wp-json\/wp\/v2\/pages\/2180\/revisions\/2975"}],"wp:attachment":[{"href":"https:\/\/claripad.de\/en\/wp-json\/wp\/v2\/media?parent=2180"}],"curies":[{"name":"wp","href":"https:\/\/api.w.org\/{rel}","templated":true}]}}